{"id":2,"date":"2022-02-26T15:35:40","date_gmt":"2022-02-26T14:35:40","guid":{"rendered":"http:\/\/www.lisadis.fr\/?page_id=2"},"modified":"2025-10-16T17:38:08","modified_gmt":"2025-10-16T15:38:08","slug":"accueil","status":"publish","type":"page","link":"https:\/\/www.lisadis.fr\/","title":{"rendered":"Accueil"},"content":{"rendered":"<div class=\"wp-block-image\">\n<figure class=\"aligncenter size-full\"><img loading=\"lazy\" decoding=\"async\" width=\"312\" height=\"153\" src=\"http:\/\/www.lisadis.fr\/wp-content\/uploads\/2022\/02\/2022-02-26_18h09_48.png\" alt=\"\" class=\"wp-image-49\" srcset=\"https:\/\/www.lisadis.fr\/wp-content\/uploads\/2022\/02\/2022-02-26_18h09_48.png 312w, https:\/\/www.lisadis.fr\/wp-content\/uploads\/2022\/02\/2022-02-26_18h09_48-300x147.png 300w\" sizes=\"auto, (max-width: 312px) 100vw, 312px\" \/><\/figure>\n<\/div>\n\n<\/p>\n\n\n<p class=\"has-text-align-center\"><strong>Magasins sp\u00e9cialis\u00e9s dans la distribution de produits li\u00e9s au monde du jardin et \u00e0 la ruralit\u00e9<\/strong><\/p>\n","protected":false},"excerpt":{"rendered":"<p>Magasins sp\u00e9cialis\u00e9s dans la distribution de produits li\u00e9s au monde du jardin et \u00e0 la ruralit\u00e9<\/p>\n","protected":false},"author":1,"featured_media":0,"parent":0,"menu_order":0,"comment_status":"closed","ping_status":"closed","template":"template-homepage.php","meta":{"footnotes":""},"class_list":["post-2","page","type-page","status-publish","hentry"],"jetpack_sharing_enabled":true,"_links":{"self":[{"href":"https:\/\/www.lisadis.fr\/index.php\/wp-json\/wp\/v2\/pages\/2","targetHints":{"allow":["GET"]}}],"collection":[{"href":"https:\/\/www.lisadis.fr\/index.php\/wp-json\/wp\/v2\/pages"}],"about":[{"href":"https:\/\/www.lisadis.fr\/index.php\/wp-json\/wp\/v2\/types\/page"}],"author":[{"embeddable":true,"href":"https:\/\/www.lisadis.fr\/index.php\/wp-json\/wp\/v2\/users\/1"}],"replies":[{"embeddable":true,"href":"https:\/\/www.lisadis.fr\/index.php\/wp-json\/wp\/v2\/comments?post=2"}],"version-history":[{"count":33,"href":"https:\/\/www.lisadis.fr\/index.php\/wp-json\/wp\/v2\/pages\/2\/revisions"}],"predecessor-version":[{"id":344,"href":"https:\/\/www.lisadis.fr\/index.php\/wp-json\/wp\/v2\/pages\/2\/revisions\/344"}],"wp:attachment":[{"href":"https:\/\/www.lisadis.fr\/index.php\/wp-json\/wp\/v2\/media?parent=2"}],"curies":[{"name":"wp","href":"https:\/\/api.w.org\/{rel}","templated":true}]}}